{"id":663,"date":"2023-01-16T18:22:54","date_gmt":"2023-01-16T18:22:54","guid":{"rendered":"https:\/\/nutricion.facmed.unam.mx\/?page_id=663"},"modified":"2026-02-24T18:26:01","modified_gmt":"2026-02-24T18:26:01","slug":"aspirantes-3","status":"publish","type":"page","link":"https:\/\/nutricion.facmed.unam.mx\/index.php\/aspirantes-3\/","title":{"rendered":"Aspirantes"},"content":{"rendered":"<p>[et_pb_section fb_built=\u00bb1&#8243; _builder_version=\u00bb4.22.1&#8243; _module_preset=\u00bbdefault\u00bb background_color=\u00bb#f2a378&#8243; background_image=\u00bbhttps:\/\/nutricion.facmed.unam.mx\/wp-content\/uploads\/2021\/03\/fondo2.png\u00bb custom_padding=\u00bb26px||39px|||\u00bb global_colors_info=\u00bb{}\u00bb][et_pb_row _builder_version=\u00bb4.16&#8243; _module_preset=\u00bbdefault\u00bb custom_margin=\u00bb17px|auto||auto||\u00bb global_colors_info=\u00bb{}\u00bb][et_pb_column type=\u00bb4_4&#8243; _builder_version=\u00bb4.16&#8243; _module_preset=\u00bbdefault\u00bb global_colors_info=\u00bb{}\u00bb][et_pb_text _builder_version=\u00bb4.16&#8243; _module_preset=\u00bbdefault\u00bb header_font=\u00bb|700|||||||\u00bb header_text_align=\u00bbcenter\u00bb header_text_color=\u00bb#FFFFFF\u00bb global_colors_info=\u00bb{}\u00bb]<\/p>\n<h1>Aspirantes<\/h1>\n<p>[\/et_pb_text][\/et_pb_column][\/et_pb_row][\/et_pb_section][et_pb_section fb_built=\u00bb1&#8243; module_id=\u00bbentrega\u00bb _builder_version=\u00bb4.16&#8243; _module_preset=\u00bbdefault\u00bb background_color=\u00bb#e2e2e2&#8243; global_colors_info=\u00bb{}\u00bb][et_pb_row _builder_version=\u00bb4.16&#8243; _module_preset=\u00bbdefault\u00bb global_colors_info=\u00bb{}\u00bb][et_pb_column type=\u00bb4_4&#8243; _builder_version=\u00bb4.16&#8243; _module_preset=\u00bbdefault\u00bb global_colors_info=\u00bb{}\u00bb][et_pb_text _builder_version=\u00bb4.22.1&#8243; _module_preset=\u00bbdefault\u00bb text_font_size=\u00bb18px\u00bb text_line_height=\u00bb1.8em\u00bb custom_padding=\u00bb||3px|||\u00bb global_colors_info=\u00bb{}\u00bb]<\/p>\n<p><strong>La Licenciatura en Ciencia de la Nutrici\u00f3n Humana <\/strong>est\u00e1 orientada en formar cient\u00edficos en la Nutrici\u00f3n Humana desde un enfoque interdisciplinario a fin de prevenir y atender problemas de salud relacionados con la alimentaci\u00f3n y nutrici\u00f3n en los niveles individual y colectivo.<\/p>\n<p>[\/et_pb_text][et_pb_image src=\u00bbhttps:\/\/nutricion.facmed.unam.mx\/wp-content\/uploads\/2023\/11\/Consulta_LCNH.jpg\u00bb title_text=\u00bbConsulta_LCNH\u00bb _builder_version=\u00bb4.22.1&#8243; _module_preset=\u00bbdefault\u00bb global_colors_info=\u00bb{}\u00bb][\/et_pb_image][\/et_pb_column][\/et_pb_row][et_pb_row _builder_version=\u00bb4.22.1&#8243; _module_preset=\u00bbdefault\u00bb global_colors_info=\u00bb{}\u00bb][et_pb_column type=\u00bb4_4&#8243; _builder_version=\u00bb4.22.1&#8243; _module_preset=\u00bbdefault\u00bb global_colors_info=\u00bb{}\u00bb][et_pb_accordion _builder_version=\u00bb4.27.4&#8243; _module_preset=\u00bbdefault\u00bb hover_enabled=\u00bb0&#8243; locked=\u00bboff\u00bb global_colors_info=\u00bb{}\u00bb sticky_enabled=\u00bb0&#8243;][et_pb_accordion_item title=\u00bbDescripci\u00f3n\u00bb open=\u00bbon\u00bb closed_toggle_text_color=\u00bb#FFFFFF\u00bb closed_toggle_background_color=\u00bb#6196ae\u00bb _builder_version=\u00bb4.22.1&#8243; _module_preset=\u00bbdefault\u00bb global_colors_info=\u00bb{}\u00bb]<\/p>\n<p><span>Esta Licenciatura es una propuesta interdisciplinaria que adem\u00e1s de centrar la formaci\u00f3n en la construcci\u00f3n del aprendizaje en el estudiante desarrollar\u00e1 habilidades sociales que le permitan contribuir en la atenci\u00f3n de la salud relacionada con la alimentaci\u00f3n y nutrici\u00f3n tomando en cuenta los contextos de la poblaci\u00f3n.<\/span><\/p>\n<p><span>El estudio de la ciencia de la nutrici\u00f3n humana de manera compleja, interdisciplinaria, emp\u00edrica y aplicada, a partir de asignaturas obligatorias y optativas, permitir\u00e1 la formaci\u00f3n de profesionales \u00e9ticos, cr\u00edticos y reflexivos capaces de prevenir y atender los problemas de salud relacionados con la alimentaci\u00f3n y nutrici\u00f3n en los niveles individual y colectivo, as\u00ed mismo, la formaci\u00f3n en las diferentes metodolog\u00edas de investigaci\u00f3n le permitir\u00e1 integrarse a grupos de investigaci\u00f3n de manera temprana. Los egresados de esta licenciatura podr\u00e1n desempe\u00f1arse en entornos profesionales tanto p\u00fablicos como privados o bien continuar con estudios de posgrado.<\/span><\/p>\n<p>[\/et_pb_accordion_item][et_pb_accordion_item title=\u00bbPerfil de ingreso\u00bb closed_toggle_text_color=\u00bb#FFFFFF\u00bb closed_toggle_background_color=\u00bb#6196ae\u00bb _builder_version=\u00bb4.22.1&#8243; _module_preset=\u00bbdefault\u00bb global_colors_info=\u00bb{}\u00bb open=\u00bboff\u00bb]<\/p>\n<p><span>El perfil de ingreso deseable incluye los siguientes conocimientos, habilidades, actitudes y valores:<\/span><\/p>\n<ul>\n<li>Conocimientos b\u00e1sicos de matem\u00e1ticas, f\u00edsica, qu\u00edmica, biolog\u00eda, historia, geograf\u00eda, \u00e9tica y bio\u00e9tica, espa\u00f1ol e ingl\u00e9s.<\/li>\n<li>Habilidades de razonamiento abstracto, num\u00e9rico y verbal, comunicaci\u00f3n oral y escrita, organizaci\u00f3n, interacci\u00f3n social, creatividad y autoevaluaci\u00f3n.<\/li>\n<li>Actitudes de vocaci\u00f3n de servicio, humanistas, de liderazgo, motivaci\u00f3n al logro, autocuidado, aprendizaje permanente, sensibilidad hacia problemas sociales, inter\u00e9s por el \u00e1rea de la salud, nutrici\u00f3n, alimentos e investigaci\u00f3n.<\/li>\n<li>Valores como el respeto ante distintas ideolog\u00edas, perseverancia, solidaridad y responsabilidad.<\/li>\n<\/ul>\n<p>[\/et_pb_accordion_item][et_pb_accordion_item title=\u00bbProceso de ingreso\u00bb closed_toggle_text_color=\u00bb#FFFFFF\u00bb closed_toggle_background_color=\u00bb#6196ae\u00bb _builder_version=\u00bb4.22.1&#8243; _module_preset=\u00bbdefault\u00bb global_colors_info=\u00bb{}\u00bb open=\u00bboff\u00bb]<\/p>\n<p><span>Esta Licenciatura es de entrada indirecta. Para ser estudiante de esta Licenciatura se necesita lo siguiente:<\/span><\/p>\n<p><span>a) Ser aceptada\/o en cualquier Licenciatura, en el sistema escolarizado, del \u00e1rea de las Ciencias Qu\u00edmicas, Biol\u00f3gicas* y de la Salud que se imparten en la UNAM a trav\u00e9s del concurso de selecci\u00f3n o bien por pase reglamentado.<\/span><\/p>\n<p><span>b) Contar con el perfil de ingreso identificado en el proceso interno de admisi\u00f3n de la Licenciatura que consiste en:<\/span><\/p>\n<ul>\n<li>Examen de conocimientos espec\u00edficos<\/li>\n<li>Examen psicom\u00e9trico (habilidades y aptitudes<\/li>\n<li>Entrevista persona<\/li>\n<\/ul>\n<p><span>*NO se requiere que curse ning\u00fan semestre o a\u00f1o de la licenciatura originalmente seleccionada.<\/span><\/p>\n<p><a href=\"https:\/\/nutricion.facmed.unam.mx\/wp-content\/uploads\/2023\/01\/aspirantes.pdf\" target=\"_blank\" rel=\"noopener\" title=\"Informaci\u00f3n Ingreso\">Descarga Infograf\u00eda\u00a0<\/a><\/p>\n<p>[\/et_pb_accordion_item][et_pb_accordion_item title=\u00bbPlan de Estudios\u00bb closed_toggle_text_color=\u00bb#FFFFFF\u00bb closed_toggle_background_color=\u00bb#6196ae\u00bb _builder_version=\u00bb4.27.4&#8243; _module_preset=\u00bbdefault\u00bb link_option_url=\u00bbhttps:\/\/nutricion.facmed.unam.mx\/wp-content\/uploads\/2021\/03\/TomoII-LCNH-.pdf\u00bb link_option_url_new_window=\u00bbon\u00bb global_colors_info=\u00bb{}\u00bb open=\u00bboff\u00bb]<\/p>\n<p><a href=\"https:\/\/nutricion.facmed.unam.mx\/wp-content\/uploads\/2021\/03\/Tomo-I-LCNH-.pdf\">Licenciatura en Ciencia de la Nutrici\u00f3n Humana<\/a><\/p>\n<p>[\/et_pb_accordion_item][et_pb_accordion_item title=\u00bbProgramas Acad\u00e9micos\u00bb _builder_version=\u00bb4.27.4&#8243; _module_preset=\u00bbdefault\u00bb hover_enabled=\u00bb0&#8243; global_colors_info=\u00bb{}\u00bb open=\u00bboff\u00bb link_option_url=\u00bbhttps:\/\/nutricion.facmed.unam.mx\/wp-content\/uploads\/2021\/03\/TomoII-LCNH-.pdf\u00bb sticky_enabled=\u00bb0&#8243;]<\/p>\n<p><a href=\"https:\/\/nutricion.facmed.unam.mx\/wp-content\/uploads\/2021\/03\/TomoII-LCNH-.pdf\">Programas Acad\u00e9micos<\/a><\/p>\n<p>[\/et_pb_accordion_item][et_pb_accordion_item title=\u00bbMapa Curricular Interactivo\u00bb closed_toggle_text_color=\u00bb#FFFFFF\u00bb closed_toggle_background_color=\u00bb#6196ae\u00bb _builder_version=\u00bb4.22.1&#8243; _module_preset=\u00bbdefault\u00bb link_option_url=\u00bbhttps:\/\/view.genially.com\/66c4cb9c9416c4ed209071f9\/interactive-content-mapa-curricular-lcnh\u00bb link_option_url_new_window=\u00bbon\u00bb global_colors_info=\u00bb{}\u00bb open=\u00bboff\u00bb]<\/p>\n<p><span style=\"text-decoration: underline;\"><a href=\"https:\/\/view.genially.com\/66c4cb9c9416c4ed209071f9\/interactive-content-mapa-curricular-lcnh\" target=\"_blank\" rel=\"noopener\" title=\"Mapa Curricular\">Interactivo<\/a><\/span><\/p>\n<p>[\/et_pb_accordion_item][\/et_pb_accordion][\/et_pb_column][\/et_pb_row][\/et_pb_section][et_pb_section fb_built=\u00bb1&#8243; _builder_version=\u00bb4.22.1&#8243; _module_preset=\u00bbdefault\u00bb background_color=\u00bb#6196ae\u00bb global_colors_info=\u00bb{}\u00bb][et_pb_row column_structure=\u00bb1_2,1_2&#8243; _builder_version=\u00bb4.22.1&#8243; _module_preset=\u00bbdefault\u00bb global_colors_info=\u00bb{}\u00bb][et_pb_column type=\u00bb1_2&#8243; _builder_version=\u00bb4.22.1&#8243; _module_preset=\u00bbdefault\u00bb global_colors_info=\u00bb{}\u00bb][et_pb_video src=\u00bbhttps:\/\/www.youtube.com\/watch?v=aYUS5b2qego&#038;t=2s\u00bb _builder_version=\u00bb4.22.1&#8243; _module_preset=\u00bbdefault\u00bb global_colors_info=\u00bb{}\u00bb][\/et_pb_video][\/et_pb_column][et_pb_column type=\u00bb1_2&#8243; _builder_version=\u00bb4.22.1&#8243; _module_preset=\u00bbdefault\u00bb global_colors_info=\u00bb{}\u00bb][et_pb_video src=\u00bbhttps:\/\/www.youtube.com\/watch?v=bjifoXiPW5c&#038;t=1s\u00bb _builder_version=\u00bb4.22.1&#8243; _module_preset=\u00bbdefault\u00bb global_colors_info=\u00bb{}\u00bb][\/et_pb_video][\/et_pb_column][\/et_pb_row][\/et_pb_section]<\/p>\n","protected":false},"excerpt":{"rendered":"<p>AspirantesLa Licenciatura en Ciencia de la Nutrici\u00f3n Humana est\u00e1 orientada en formar cient\u00edficos en la Nutrici\u00f3n Humana desde un enfoque interdisciplinario a fin de prevenir y atender problemas de salud relacionados con la alimentaci\u00f3n y nutrici\u00f3n en los niveles individual y colectivo.Esta Licenciatura es una propuesta interdisciplinaria que adem\u00e1s de centrar la formaci\u00f3n en la [&hellip;]<\/p>\n","protected":false},"author":4,"featured_media":0,"parent":0,"menu_order":0,"comment_status":"closed","ping_status":"closed","template":"","meta":{"_et_pb_use_builder":"on","_et_pb_old_content":"","_et_gb_content_width":"","footnotes":""},"class_list":["post-663","page","type-page","status-publish","hentry"],"yoast_head":"<!-- This site is optimized with the Yoast SEO plugin v27.4 - https:\/\/yoast.com\/product\/yoast-seo-wordpress\/ -->\n<title>Aspirantes - Ciencia de la Nutrici\u00f3n Humana<\/title>\n<meta name=\"robots\" content=\"index, follow, max-snippet:-1, max-image-preview:large, max-video-preview:-1\" \/>\n<link rel=\"canonical\" href=\"https:\/\/nutricion.facmed.unam.mx\/index.php\/aspirantes-3\/\" \/>\n<meta property=\"og:locale\" content=\"es_ES\" \/>\n<meta property=\"og:type\" content=\"article\" \/>\n<meta property=\"og:title\" content=\"Aspirantes - Ciencia de la Nutrici\u00f3n Humana\" \/>\n<meta property=\"og:description\" content=\"AspirantesLa Licenciatura en Ciencia de la Nutrici\u00f3n Humana est\u00e1 orientada en formar cient\u00edficos en la Nutrici\u00f3n Humana desde un enfoque interdisciplinario a fin de prevenir y atender problemas de salud relacionados con la alimentaci\u00f3n y nutrici\u00f3n en los niveles individual y colectivo.Esta Licenciatura es una propuesta interdisciplinaria que adem\u00e1s de centrar la formaci\u00f3n en la [&hellip;]\" \/>\n<meta property=\"og:url\" content=\"https:\/\/nutricion.facmed.unam.mx\/index.php\/aspirantes-3\/\" \/>\n<meta property=\"og:site_name\" content=\"Ciencia de la Nutrici\u00f3n Humana\" \/>\n<meta property=\"article:modified_time\" content=\"2026-02-24T18:26:01+00:00\" \/>\n<meta name=\"twitter:card\" content=\"summary_large_image\" \/>\n<script type=\"application\/ld+json\" class=\"yoast-schema-graph\">{\"@context\":\"https:\\\/\\\/schema.org\",\"@graph\":[{\"@type\":\"WebPage\",\"@id\":\"https:\\\/\\\/nutricion.facmed.unam.mx\\\/index.php\\\/aspirantes-3\\\/\",\"url\":\"https:\\\/\\\/nutricion.facmed.unam.mx\\\/index.php\\\/aspirantes-3\\\/\",\"name\":\"Aspirantes - Ciencia de la Nutrici\u00f3n Humana\",\"isPartOf\":{\"@id\":\"https:\\\/\\\/nutricion.facmed.unam.mx\\\/#website\"},\"datePublished\":\"2023-01-16T18:22:54+00:00\",\"dateModified\":\"2026-02-24T18:26:01+00:00\",\"breadcrumb\":{\"@id\":\"https:\\\/\\\/nutricion.facmed.unam.mx\\\/index.php\\\/aspirantes-3\\\/#breadcrumb\"},\"inLanguage\":\"es\",\"potentialAction\":[{\"@type\":\"ReadAction\",\"target\":[\"https:\\\/\\\/nutricion.facmed.unam.mx\\\/index.php\\\/aspirantes-3\\\/\"]}]},{\"@type\":\"BreadcrumbList\",\"@id\":\"https:\\\/\\\/nutricion.facmed.unam.mx\\\/index.php\\\/aspirantes-3\\\/#breadcrumb\",\"itemListElement\":[{\"@type\":\"ListItem\",\"position\":1,\"name\":\"Portada\",\"item\":\"https:\\\/\\\/nutricion.facmed.unam.mx\\\/\"},{\"@type\":\"ListItem\",\"position\":2,\"name\":\"Aspirantes\"}]},{\"@type\":\"WebSite\",\"@id\":\"https:\\\/\\\/nutricion.facmed.unam.mx\\\/#website\",\"url\":\"https:\\\/\\\/nutricion.facmed.unam.mx\\\/\",\"name\":\"Ciencia de la Nutrici\u00f3n Humana\",\"description\":\"FACMED UNAM\",\"potentialAction\":[{\"@type\":\"SearchAction\",\"target\":{\"@type\":\"EntryPoint\",\"urlTemplate\":\"https:\\\/\\\/nutricion.facmed.unam.mx\\\/?s={search_term_string}\"},\"query-input\":{\"@type\":\"PropertyValueSpecification\",\"valueRequired\":true,\"valueName\":\"search_term_string\"}}],\"inLanguage\":\"es\"}]}<\/script>\n<!-- \/ Yoast SEO plugin. -->","yoast_head_json":{"title":"Aspirantes - Ciencia de la Nutrici\u00f3n Humana","robots":{"index":"index","follow":"follow","max-snippet":"max-snippet:-1","max-image-preview":"max-image-preview:large","max-video-preview":"max-video-preview:-1"},"canonical":"https:\/\/nutricion.facmed.unam.mx\/index.php\/aspirantes-3\/","og_locale":"es_ES","og_type":"article","og_title":"Aspirantes - Ciencia de la Nutrici\u00f3n Humana","og_description":"AspirantesLa Licenciatura en Ciencia de la Nutrici\u00f3n Humana est\u00e1 orientada en formar cient\u00edficos en la Nutrici\u00f3n Humana desde un enfoque interdisciplinario a fin de prevenir y atender problemas de salud relacionados con la alimentaci\u00f3n y nutrici\u00f3n en los niveles individual y colectivo.Esta Licenciatura es una propuesta interdisciplinaria que adem\u00e1s de centrar la formaci\u00f3n en la [&hellip;]","og_url":"https:\/\/nutricion.facmed.unam.mx\/index.php\/aspirantes-3\/","og_site_name":"Ciencia de la Nutrici\u00f3n Humana","article_modified_time":"2026-02-24T18:26:01+00:00","twitter_card":"summary_large_image","schema":{"@context":"https:\/\/schema.org","@graph":[{"@type":"WebPage","@id":"https:\/\/nutricion.facmed.unam.mx\/index.php\/aspirantes-3\/","url":"https:\/\/nutricion.facmed.unam.mx\/index.php\/aspirantes-3\/","name":"Aspirantes - Ciencia de la Nutrici\u00f3n Humana","isPartOf":{"@id":"https:\/\/nutricion.facmed.unam.mx\/#website"},"datePublished":"2023-01-16T18:22:54+00:00","dateModified":"2026-02-24T18:26:01+00:00","breadcrumb":{"@id":"https:\/\/nutricion.facmed.unam.mx\/index.php\/aspirantes-3\/#breadcrumb"},"inLanguage":"es","potentialAction":[{"@type":"ReadAction","target":["https:\/\/nutricion.facmed.unam.mx\/index.php\/aspirantes-3\/"]}]},{"@type":"BreadcrumbList","@id":"https:\/\/nutricion.facmed.unam.mx\/index.php\/aspirantes-3\/#breadcrumb","itemListElement":[{"@type":"ListItem","position":1,"name":"Portada","item":"https:\/\/nutricion.facmed.unam.mx\/"},{"@type":"ListItem","position":2,"name":"Aspirantes"}]},{"@type":"WebSite","@id":"https:\/\/nutricion.facmed.unam.mx\/#website","url":"https:\/\/nutricion.facmed.unam.mx\/","name":"Ciencia de la Nutrici\u00f3n Humana","description":"FACMED UNAM","potentialAction":[{"@type":"SearchAction","target":{"@type":"EntryPoint","urlTemplate":"https:\/\/nutricion.facmed.unam.mx\/?s={search_term_string}"},"query-input":{"@type":"PropertyValueSpecification","valueRequired":true,"valueName":"search_term_string"}}],"inLanguage":"es"}]}},"jetpack_sharing_enabled":true,"_links":{"self":[{"href":"https:\/\/nutricion.facmed.unam.mx\/index.php\/wp-json\/wp\/v2\/pages\/663","targetHints":{"allow":["GET"]}}],"collection":[{"href":"https:\/\/nutricion.facmed.unam.mx\/index.php\/wp-json\/wp\/v2\/pages"}],"about":[{"href":"https:\/\/nutricion.facmed.unam.mx\/index.php\/wp-json\/wp\/v2\/types\/page"}],"author":[{"embeddable":true,"href":"https:\/\/nutricion.facmed.unam.mx\/index.php\/wp-json\/wp\/v2\/users\/4"}],"replies":[{"embeddable":true,"href":"https:\/\/nutricion.facmed.unam.mx\/index.php\/wp-json\/wp\/v2\/comments?post=663"}],"version-history":[{"count":16,"href":"https:\/\/nutricion.facmed.unam.mx\/index.php\/wp-json\/wp\/v2\/pages\/663\/revisions"}],"predecessor-version":[{"id":2028,"href":"https:\/\/nutricion.facmed.unam.mx\/index.php\/wp-json\/wp\/v2\/pages\/663\/revisions\/2028"}],"wp:attachment":[{"href":"https:\/\/nutricion.facmed.unam.mx\/index.php\/wp-json\/wp\/v2\/media?parent=663"}],"curies":[{"name":"wp","href":"https:\/\/api.w.org\/{rel}","templated":true}]}}