{"id":1183,"date":"2024-10-31T19:22:42","date_gmt":"2024-10-31T19:22:42","guid":{"rendered":"https:\/\/nutricion.facmed.unam.mx\/?page_id=1183"},"modified":"2026-02-24T18:24:56","modified_gmt":"2026-02-24T18:24:56","slug":"nosotroslcnh","status":"publish","type":"page","link":"https:\/\/nutricion.facmed.unam.mx\/index.php\/nosotroslcnh\/","title":{"rendered":"Nosotros"},"content":{"rendered":"<p>[et_pb_section fb_built=\u00bb1&#8243; module_id=\u00bbnosotros\u00bb _builder_version=\u00bb4.16&#8243; _module_preset=\u00bbdefault\u00bb background_color=\u00bb#6196ae\u00bb background_image=\u00bbhttps:\/\/nutricion.facmed.unam.mx\/wp-content\/uploads\/2021\/03\/fondo2.png\u00bb background_blend=\u00bbsoft-light\u00bb global_colors_info=\u00bb{}\u00bb][et_pb_row _builder_version=\u00bb4.22.1&#8243; _module_preset=\u00bbdefault\u00bb global_colors_info=\u00bb{}\u00bb][et_pb_column type=\u00bb4_4&#8243; _builder_version=\u00bb4.22.1&#8243; _module_preset=\u00bbdefault\u00bb global_colors_info=\u00bb{}\u00bb][et_pb_text _builder_version=\u00bb4.22.1&#8243; _module_preset=\u00bbdefault\u00bb text_text_color=\u00bb#FFFFFF\u00bb text_font_size=\u00bb50px\u00bb text_orientation=\u00bbcenter\u00bb global_colors_info=\u00bb{}\u00bb]<\/p>\n<p><strong>NOSOTROS<\/strong><\/p>\n<p>[\/et_pb_text][\/et_pb_column][\/et_pb_row][\/et_pb_section][et_pb_section fb_built=\u00bb1&#8243; _builder_version=\u00bb4.22.1&#8243; _module_preset=\u00bbdefault\u00bb custom_padding=\u00bb||12px|||\u00bb global_colors_info=\u00bb{}\u00bb][et_pb_row _builder_version=\u00bb4.22.1&#8243; _module_preset=\u00bbdefault\u00bb global_colors_info=\u00bb{}\u00bb][et_pb_column type=\u00bb4_4&#8243; _builder_version=\u00bb4.22.1&#8243; _module_preset=\u00bbdefault\u00bb global_colors_info=\u00bb{}\u00bb][et_pb_text _builder_version=\u00bb4.22.1&#8243; _module_preset=\u00bbdefault\u00bb text_text_color=\u00bb#707070&#8243; text_font_size=\u00bb16px\u00bb global_colors_info=\u00bb{}\u00bb]<\/p>\n<p style=\"text-align: left;\"><span style=\"font-size: large;\"><strong>Facultad de Medicina<\/strong><\/span><\/p>\n<p style=\"text-align: left;\"><strong>Misi\u00f3n\u00a0<\/strong><\/p>\n<p style=\"text-align: left;\"><span>La Facultad de Medicina de la Universidad Nacional Aut\u00f3noma de M\u00e9xico es una instituci\u00f3n p\u00fablica que forma profesionales altamente calificados, \u00e9ticos, cr\u00edticos y humanistas, capaces de investigar y difundir el conocimiento para la soluci\u00f3n de problemas de salud y otras \u00e1reas cient\u00edficas en beneficio del ser humano y de la naci\u00f3n.<\/span><\/p>\n<p style=\"text-align: left;\"><strong>Visi\u00f3n<\/strong><\/p>\n<p style=\"text-align: left;\"><span>Estar a la vanguardia para ejercer el liderazgo en educaci\u00f3n, investigaci\u00f3n y difusi\u00f3n en salud y otras \u00e1reas cient\u00edficas en beneficio del ser humano y de la naci\u00f3n.<\/span><\/p>\n<p style=\"text-align: left;\"><strong>LICENCIATURA EN CIENCIA DE LA NUTRICI\u00d3N HUMANA<\/strong><\/p>\n<p style=\"text-align: left;\">Est\u00e1 orientada en formar cient\u00edficos en la Nutrici\u00f3n Humana desde un enfoque interdisciplinario a fin de prevenir y atender problemas de salud relacionados con la alimentaci\u00f3n y nutrici\u00f3n en los niveles individual y colectivo. La LCNH<span>\u00a0es una propuesta interdisciplinaria que adem\u00e1s de centrar la formaci\u00f3n en la construcci\u00f3n del aprendizaje en el estudiante desarrollar\u00e1 habilidades sociales que le permitan contribuir en la atenci\u00f3n de la salud relacionada con la alimentaci\u00f3n y nutrici\u00f3n tomando en cuenta los contextos de la poblaci\u00f3n.<\/span><\/p>\n<p>[\/et_pb_text][et_pb_accordion _builder_version=\u00bb4.27.4&#8243; _module_preset=\u00bbdefault\u00bb global_colors_info=\u00bb{}\u00bb][et_pb_accordion_item title=\u00bbPlan de Estudios\u00bb open=\u00bbon\u00bb _builder_version=\u00bb4.22.1&#8243; _module_preset=\u00bbdefault\u00bb global_colors_info=\u00bb{}\u00bb]<\/p>\n<p><a href=\"https:\/\/nutricion.facmed.unam.mx\/wp-content\/uploads\/2021\/03\/Tomo-I-LCNH-.pdf\">Licenciatura en Ciencia de la Nutrici\u00f3n Humana<\/a><\/p>\n<p>[\/et_pb_accordion_item][et_pb_accordion_item title=\u00bbProgramas Acad\u00e9micos\u00bb _builder_version=\u00bb4.22.1&#8243; _module_preset=\u00bbdefault\u00bb link_option_url=\u00bbhttps:\/\/nutricion.facmed.unam.mx\/wp-content\/uploads\/2021\/03\/TomoII-LCNH-.pdf\u00bb link_option_url_new_window=\u00bbon\u00bb hover_enabled=\u00bb0&#8243; global_colors_info=\u00bb{}\u00bb open=\u00bboff\u00bb sticky_enabled=\u00bb0&#8243;]<\/p>\n<p>Programas Acad\u00e9micos<\/p>\n<p>[\/et_pb_accordion_item][\/et_pb_accordion][\/et_pb_column][\/et_pb_row][et_pb_row column_structure=\u00bb1_2,1_2&#8243; _builder_version=\u00bb4.22.1&#8243; _module_preset=\u00bbdefault\u00bb global_colors_info=\u00bb{}\u00bb][et_pb_column type=\u00bb1_2&#8243; _builder_version=\u00bb4.22.1&#8243; _module_preset=\u00bbdefault\u00bb global_colors_info=\u00bb{}\u00bb][et_pb_video src=\u00bbhttps:\/\/www.youtube.com\/watch?v=aYUS5b2qego\u00bb _builder_version=\u00bb4.22.1&#8243; _module_preset=\u00bbdefault\u00bb global_colors_info=\u00bb{}\u00bb][\/et_pb_video][\/et_pb_column][et_pb_column type=\u00bb1_2&#8243; _builder_version=\u00bb4.22.1&#8243; _module_preset=\u00bbdefault\u00bb global_colors_info=\u00bb{}\u00bb][et_pb_video src=\u00bbhttps:\/\/www.youtube.com\/watch?v=bjifoXiPW5c&#038;t=2s\u00bb _builder_version=\u00bb4.22.1&#8243; _module_preset=\u00bbdefault\u00bb global_colors_info=\u00bb{}\u00bb][\/et_pb_video][\/et_pb_column][\/et_pb_row][\/et_pb_section][et_pb_section fb_built=\u00bb1&#8243; _builder_version=\u00bb4.22.1&#8243; _module_preset=\u00bbdefault\u00bb global_colors_info=\u00bb{}\u00bb][et_pb_row _builder_version=\u00bb4.22.1&#8243; _module_preset=\u00bbdefault\u00bb global_colors_info=\u00bb{}\u00bb][et_pb_column type=\u00bb4_4&#8243; _builder_version=\u00bb4.22.1&#8243; _module_preset=\u00bbdefault\u00bb global_colors_info=\u00bb{}\u00bb][et_pb_image src=\u00bbhttps:\/\/nutricion.facmed.unam.mx\/wp-content\/uploads\/2021\/09\/Infografia-nutricio\u0301n-scaled.jpeg\u00bb title_text=\u00bbInfografia nutricio\u0301n\u00bb _builder_version=\u00bb4.22.1&#8243; _module_preset=\u00bbdefault\u00bb global_colors_info=\u00bb{}\u00bb][\/et_pb_image][\/et_pb_column][\/et_pb_row][\/et_pb_section]<\/p>\n","protected":false},"excerpt":{"rendered":"<p>NOSOTROSFacultad de Medicina Misi\u00f3n\u00a0 La Facultad de Medicina de la Universidad Nacional Aut\u00f3noma de M\u00e9xico es una instituci\u00f3n p\u00fablica que forma profesionales altamente calificados, \u00e9ticos, cr\u00edticos y humanistas, capaces de investigar y difundir el conocimiento para la soluci\u00f3n de problemas de salud y otras \u00e1reas cient\u00edficas en beneficio del ser humano y de la naci\u00f3n. [&hellip;]<\/p>\n","protected":false},"author":4,"featured_media":0,"parent":0,"menu_order":0,"comment_status":"closed","ping_status":"closed","template":"","meta":{"_et_pb_use_builder":"on","_et_pb_old_content":"","_et_gb_content_width":"","footnotes":""},"class_list":["post-1183","page","type-page","status-publish","hentry"],"yoast_head":"<!-- This site is optimized with the Yoast SEO plugin v27.4 - https:\/\/yoast.com\/product\/yoast-seo-wordpress\/ -->\n<title>Nosotros - Ciencia de la Nutrici\u00f3n Humana<\/title>\n<meta name=\"robots\" content=\"index, follow, max-snippet:-1, max-image-preview:large, max-video-preview:-1\" \/>\n<link rel=\"canonical\" href=\"https:\/\/nutricion.facmed.unam.mx\/index.php\/nosotroslcnh\/\" \/>\n<meta property=\"og:locale\" content=\"es_ES\" \/>\n<meta property=\"og:type\" content=\"article\" \/>\n<meta property=\"og:title\" content=\"Nosotros - Ciencia de la Nutrici\u00f3n Humana\" \/>\n<meta property=\"og:description\" content=\"NOSOTROSFacultad de Medicina Misi\u00f3n\u00a0 La Facultad de Medicina de la Universidad Nacional Aut\u00f3noma de M\u00e9xico es una instituci\u00f3n p\u00fablica que forma profesionales altamente calificados, \u00e9ticos, cr\u00edticos y humanistas, capaces de investigar y difundir el conocimiento para la soluci\u00f3n de problemas de salud y otras \u00e1reas cient\u00edficas en beneficio del ser humano y de la naci\u00f3n. [&hellip;]\" \/>\n<meta property=\"og:url\" content=\"https:\/\/nutricion.facmed.unam.mx\/index.php\/nosotroslcnh\/\" \/>\n<meta property=\"og:site_name\" content=\"Ciencia de la Nutrici\u00f3n Humana\" \/>\n<meta property=\"article:modified_time\" content=\"2026-02-24T18:24:56+00:00\" \/>\n<meta name=\"twitter:card\" content=\"summary_large_image\" \/>\n<script type=\"application\/ld+json\" class=\"yoast-schema-graph\">{\"@context\":\"https:\\\/\\\/schema.org\",\"@graph\":[{\"@type\":\"WebPage\",\"@id\":\"https:\\\/\\\/nutricion.facmed.unam.mx\\\/index.php\\\/nosotroslcnh\\\/\",\"url\":\"https:\\\/\\\/nutricion.facmed.unam.mx\\\/index.php\\\/nosotroslcnh\\\/\",\"name\":\"Nosotros - Ciencia de la Nutrici\u00f3n Humana\",\"isPartOf\":{\"@id\":\"https:\\\/\\\/nutricion.facmed.unam.mx\\\/#website\"},\"datePublished\":\"2024-10-31T19:22:42+00:00\",\"dateModified\":\"2026-02-24T18:24:56+00:00\",\"breadcrumb\":{\"@id\":\"https:\\\/\\\/nutricion.facmed.unam.mx\\\/index.php\\\/nosotroslcnh\\\/#breadcrumb\"},\"inLanguage\":\"es\",\"potentialAction\":[{\"@type\":\"ReadAction\",\"target\":[\"https:\\\/\\\/nutricion.facmed.unam.mx\\\/index.php\\\/nosotroslcnh\\\/\"]}]},{\"@type\":\"BreadcrumbList\",\"@id\":\"https:\\\/\\\/nutricion.facmed.unam.mx\\\/index.php\\\/nosotroslcnh\\\/#breadcrumb\",\"itemListElement\":[{\"@type\":\"ListItem\",\"position\":1,\"name\":\"Portada\",\"item\":\"https:\\\/\\\/nutricion.facmed.unam.mx\\\/\"},{\"@type\":\"ListItem\",\"position\":2,\"name\":\"Nosotros\"}]},{\"@type\":\"WebSite\",\"@id\":\"https:\\\/\\\/nutricion.facmed.unam.mx\\\/#website\",\"url\":\"https:\\\/\\\/nutricion.facmed.unam.mx\\\/\",\"name\":\"Ciencia de la Nutrici\u00f3n Humana\",\"description\":\"FACMED UNAM\",\"potentialAction\":[{\"@type\":\"SearchAction\",\"target\":{\"@type\":\"EntryPoint\",\"urlTemplate\":\"https:\\\/\\\/nutricion.facmed.unam.mx\\\/?s={search_term_string}\"},\"query-input\":{\"@type\":\"PropertyValueSpecification\",\"valueRequired\":true,\"valueName\":\"search_term_string\"}}],\"inLanguage\":\"es\"}]}<\/script>\n<!-- \/ Yoast SEO plugin. -->","yoast_head_json":{"title":"Nosotros - Ciencia de la Nutrici\u00f3n Humana","robots":{"index":"index","follow":"follow","max-snippet":"max-snippet:-1","max-image-preview":"max-image-preview:large","max-video-preview":"max-video-preview:-1"},"canonical":"https:\/\/nutricion.facmed.unam.mx\/index.php\/nosotroslcnh\/","og_locale":"es_ES","og_type":"article","og_title":"Nosotros - Ciencia de la Nutrici\u00f3n Humana","og_description":"NOSOTROSFacultad de Medicina Misi\u00f3n\u00a0 La Facultad de Medicina de la Universidad Nacional Aut\u00f3noma de M\u00e9xico es una instituci\u00f3n p\u00fablica que forma profesionales altamente calificados, \u00e9ticos, cr\u00edticos y humanistas, capaces de investigar y difundir el conocimiento para la soluci\u00f3n de problemas de salud y otras \u00e1reas cient\u00edficas en beneficio del ser humano y de la naci\u00f3n. [&hellip;]","og_url":"https:\/\/nutricion.facmed.unam.mx\/index.php\/nosotroslcnh\/","og_site_name":"Ciencia de la Nutrici\u00f3n Humana","article_modified_time":"2026-02-24T18:24:56+00:00","twitter_card":"summary_large_image","schema":{"@context":"https:\/\/schema.org","@graph":[{"@type":"WebPage","@id":"https:\/\/nutricion.facmed.unam.mx\/index.php\/nosotroslcnh\/","url":"https:\/\/nutricion.facmed.unam.mx\/index.php\/nosotroslcnh\/","name":"Nosotros - Ciencia de la Nutrici\u00f3n Humana","isPartOf":{"@id":"https:\/\/nutricion.facmed.unam.mx\/#website"},"datePublished":"2024-10-31T19:22:42+00:00","dateModified":"2026-02-24T18:24:56+00:00","breadcrumb":{"@id":"https:\/\/nutricion.facmed.unam.mx\/index.php\/nosotroslcnh\/#breadcrumb"},"inLanguage":"es","potentialAction":[{"@type":"ReadAction","target":["https:\/\/nutricion.facmed.unam.mx\/index.php\/nosotroslcnh\/"]}]},{"@type":"BreadcrumbList","@id":"https:\/\/nutricion.facmed.unam.mx\/index.php\/nosotroslcnh\/#breadcrumb","itemListElement":[{"@type":"ListItem","position":1,"name":"Portada","item":"https:\/\/nutricion.facmed.unam.mx\/"},{"@type":"ListItem","position":2,"name":"Nosotros"}]},{"@type":"WebSite","@id":"https:\/\/nutricion.facmed.unam.mx\/#website","url":"https:\/\/nutricion.facmed.unam.mx\/","name":"Ciencia de la Nutrici\u00f3n Humana","description":"FACMED UNAM","potentialAction":[{"@type":"SearchAction","target":{"@type":"EntryPoint","urlTemplate":"https:\/\/nutricion.facmed.unam.mx\/?s={search_term_string}"},"query-input":{"@type":"PropertyValueSpecification","valueRequired":true,"valueName":"search_term_string"}}],"inLanguage":"es"}]}},"jetpack_sharing_enabled":true,"_links":{"self":[{"href":"https:\/\/nutricion.facmed.unam.mx\/index.php\/wp-json\/wp\/v2\/pages\/1183","targetHints":{"allow":["GET"]}}],"collection":[{"href":"https:\/\/nutricion.facmed.unam.mx\/index.php\/wp-json\/wp\/v2\/pages"}],"about":[{"href":"https:\/\/nutricion.facmed.unam.mx\/index.php\/wp-json\/wp\/v2\/types\/page"}],"author":[{"embeddable":true,"href":"https:\/\/nutricion.facmed.unam.mx\/index.php\/wp-json\/wp\/v2\/users\/4"}],"replies":[{"embeddable":true,"href":"https:\/\/nutricion.facmed.unam.mx\/index.php\/wp-json\/wp\/v2\/comments?post=1183"}],"version-history":[{"count":17,"href":"https:\/\/nutricion.facmed.unam.mx\/index.php\/wp-json\/wp\/v2\/pages\/1183\/revisions"}],"predecessor-version":[{"id":2026,"href":"https:\/\/nutricion.facmed.unam.mx\/index.php\/wp-json\/wp\/v2\/pages\/1183\/revisions\/2026"}],"wp:attachment":[{"href":"https:\/\/nutricion.facmed.unam.mx\/index.php\/wp-json\/wp\/v2\/media?parent=1183"}],"curies":[{"name":"wp","href":"https:\/\/api.w.org\/{rel}","templated":true}]}}