{"id":118,"date":"2021-05-12T14:08:21","date_gmt":"2021-05-12T14:08:21","guid":{"rendered":"https:\/\/nutricion.facmed.unam.mx\/?page_id=118"},"modified":"2021-05-12T14:15:35","modified_gmt":"2021-05-12T14:15:35","slug":"convocatoria","status":"publish","type":"page","link":"https:\/\/nutricion.facmed.unam.mx\/index.php\/convocatoria\/","title":{"rendered":"Convocatoria"},"content":{"rendered":"<p>[et_pb_section fb_built=\u00bb1&#8243; fullwidth=\u00bbon\u00bb disabled_on=\u00bboff|off|off\u00bb _builder_version=\u00bb4.7.7&#8243; _module_preset=\u00bbdefault\u00bb background_enable_color=\u00bboff\u00bb][et_pb_fullwidth_menu menu_id=\u00bb2&#8243; active_link_color=\u00bb#777777&#8243; logo=\u00bbhttps:\/\/nutricion.facmed.unam.mx\/wp-content\/uploads\/2021\/02\/Logotipo_LCNH_Flat.png\u00bb logo_max_width=\u00bb200px\u00bb menu_icon_color=\u00bb#657b9e\u00bb _builder_version=\u00bb4.7.7&#8243; _module_preset=\u00bbdefault\u00bb menu_font=\u00bb|600|||||||\u00bb menu_text_color=\u00bb#878787&#8243; menu_font_size=\u00bb17px\u00bb background_enable_color=\u00bboff\u00bb custom_padding=\u00bb10px||10px||false|false\u00bb][\/et_pb_fullwidth_menu][\/et_pb_section][et_pb_section fb_built=\u00bb1&#8243; _builder_version=\u00bb4.7.7&#8243; _module_preset=\u00bbdefault\u00bb background_color=\u00bb#6196AE\u00bb custom_margin=\u00bb0px||0px||false|false\u00bb custom_padding=\u00bb0px||0px||false|false\u00bb][et_pb_row _builder_version=\u00bb4.7.7&#8243; _module_preset=\u00bbdefault\u00bb custom_padding=\u00bb10px||10px||false|false\u00bb][et_pb_column type=\u00bb4_4&#8243; _builder_version=\u00bb4.7.7&#8243; _module_preset=\u00bbdefault\u00bb][et_pb_text _builder_version=\u00bb4.7.7&#8243; _module_preset=\u00bbdefault\u00bb text_font=\u00bb|700||on|||||\u00bb text_text_color=\u00bb#ffffff\u00bb text_orientation=\u00bbcenter\u00bb link_option_url=\u00bbhttp:\/\/www.facmed.unam.mx\/eventos\/anuncios\/2021_ruta_genero.pdf\u00bb link_option_url_new_window=\u00bbon\u00bb text_font_size_tablet=\u00bb\u00bb text_font_size_phone=\u00bb10px\u00bb text_font_size_last_edited=\u00bbon|phone\u00bb]<\/p>\n<p>Ruta de atenci\u00f3n a casos de violencia de g\u00e9nero<\/p>\n<p>[\/et_pb_text][\/et_pb_column][\/et_pb_row][\/et_pb_section][et_pb_section fb_built=\u00bb1&#8243; module_id=\u00bbplan\u00bb _builder_version=\u00bb4.7.7&#8243; _module_preset=\u00bbdefault\u00bb background_color=\u00bb#f2a378&#8243;][et_pb_row column_structure=\u00bb1_2,1_2&#8243; _builder_version=\u00bb4.7.7&#8243; _module_preset=\u00bbdefault\u00bb][et_pb_column type=\u00bb1_2&#8243; _builder_version=\u00bb4.7.7&#8243; _module_preset=\u00bbdefault\u00bb][et_pb_text _builder_version=\u00bb4.7.7&#8243; _module_preset=\u00bbdefault\u00bb header_font=\u00bb|600|||||||\u00bb header_text_align=\u00bbcenter\u00bb header_text_color=\u00bb#ffffff\u00bb header_font_size=\u00bb39px\u00bb]<\/p>\n<h1>Convocatoria<\/h1>\n<p>[\/et_pb_text][et_pb_image src=\u00bbhttps:\/\/nutricion.facmed.unam.mx\/wp-content\/uploads\/2021\/05\/Captura-de-Pantalla-2021-05-12-a-las-9.11.12.png\u00bb title_text=\u00bbCaptura de Pantalla 2021-05-12 a la(s) 9.11.12&#8243; url=\u00bbhttps:\/\/nutricion.facmed.unam.mx\/wp-content\/uploads\/2021\/04\/CONVOATORIA-1-LCNH-copia.pdf\u00bb url_new_window=\u00bbon\u00bb _builder_version=\u00bb4.7.7&#8243; _module_preset=\u00bbdefault\u00bb][\/et_pb_image][\/et_pb_column][et_pb_column type=\u00bb1_2&#8243; _builder_version=\u00bb4.7.7&#8243; _module_preset=\u00bbdefault\u00bb][et_pb_text _builder_version=\u00bb4.7.7&#8243; _module_preset=\u00bbdefault\u00bb header_font=\u00bb|600|||||||\u00bb header_text_align=\u00bbcenter\u00bb header_text_color=\u00bb#ffffff\u00bb header_font_size=\u00bb39px\u00bb]<\/p>\n<h1>Temario\u00a0<\/h1>\n<p>[\/et_pb_text][et_pb_image src=\u00bbhttps:\/\/nutricion.facmed.unam.mx\/wp-content\/uploads\/2021\/05\/Captura-de-Pantalla-2021-05-12-a-las-9.11.24.png\u00bb title_text=\u00bbCaptura de Pantalla 2021-05-12 a la(s) 9.11.24&#8243; url=\u00bbhttps:\/\/nutricion.facmed.unam.mx\/wp-content\/uploads\/2021\/05\/LCNHTEMARIO.pdf\u00bb url_new_window=\u00bbon\u00bb _builder_version=\u00bb4.7.7&#8243; _module_preset=\u00bbdefault\u00bb][\/et_pb_image][\/et_pb_column][\/et_pb_row][\/et_pb_section][et_pb_section fb_built=\u00bb1&#8243; module_id=\u00bbcontacto\u00bb _builder_version=\u00bb4.7.7&#8243; _module_preset=\u00bbdefault\u00bb background_color=\u00bb#6196ae\u00bb background_image=\u00bbhttps:\/\/nutricion.facmed.unam.mx\/wp-content\/uploads\/2021\/03\/fondo2.png\u00bb][et_pb_row _builder_version=\u00bb4.7.7&#8243; _module_preset=\u00bbdefault\u00bb custom_padding=\u00bb||1px|||\u00bb][et_pb_column type=\u00bb4_4&#8243; _builder_version=\u00bb4.7.7&#8243; _module_preset=\u00bbdefault\u00bb][et_pb_text _builder_version=\u00bb4.7.7&#8243; _module_preset=\u00bbdefault\u00bb header_font=\u00bb|600|||||||\u00bb header_text_align=\u00bbcenter\u00bb header_text_color=\u00bb#ffffff\u00bb header_font_size=\u00bb39px\u00bb]<\/p>\n<h1>Contacto<\/h1>\n<p>[\/et_pb_text][et_pb_divider _builder_version=\u00bb4.7.7&#8243; _module_preset=\u00bbdefault\u00bb width=\u00bb200px\u00bb module_alignment=\u00bbcenter\u00bb][\/et_pb_divider][\/et_pb_column][\/et_pb_row][et_pb_row _builder_version=\u00bb4.7.7&#8243; _module_preset=\u00bbdefault\u00bb width=\u00bb600px\u00bb width_tablet=\u00bb\u00bb width_phone=\u00bb90%\u00bb width_last_edited=\u00bbon|phone\u00bb][et_pb_column type=\u00bb4_4&#8243; _builder_version=\u00bb4.7.7&#8243; _module_preset=\u00bbdefault\u00bb][et_pb_contact_form email=\u00bbelvira-sandoval@unam.mx\u00bb _builder_version=\u00bb4.7.7&#8243; _module_preset=\u00bbdefault\u00bb captcha_font=\u00bb|600|||||||\u00bb captcha_text_color=\u00bb#ffffff\u00bb custom_button=\u00bbon\u00bb button_text_color=\u00bb#ffffff\u00bb button_bg_color=\u00bb#f2a378&#8243; border_radii=\u00bbon|10px|10px|10px|10px\u00bb][et_pb_contact_field field_id=\u00bbName\u00bb field_title=\u00bbNombre\u00bb _builder_version=\u00bb3.16&#8243; button_text_size__hover_enabled=\u00bboff\u00bb button_one_text_size__hover_enabled=\u00bboff\u00bb button_two_text_size__hover_enabled=\u00bboff\u00bb button_text_color__hover_enabled=\u00bboff\u00bb button_one_text_color__hover_enabled=\u00bboff\u00bb button_two_text_color__hover_enabled=\u00bboff\u00bb button_border_width__hover_enabled=\u00bboff\u00bb button_one_border_width__hover_enabled=\u00bboff\u00bb button_two_border_width__hover_enabled=\u00bboff\u00bb button_border_color__hover_enabled=\u00bboff\u00bb button_one_border_color__hover_enabled=\u00bboff\u00bb button_two_border_color__hover_enabled=\u00bboff\u00bb button_border_radius__hover_enabled=\u00bboff\u00bb button_one_border_radius__hover_enabled=\u00bboff\u00bb button_two_border_radius__hover_enabled=\u00bboff\u00bb button_letter_spacing__hover_enabled=\u00bboff\u00bb button_one_letter_spacing__hover_enabled=\u00bboff\u00bb button_two_letter_spacing__hover_enabled=\u00bboff\u00bb button_bg_color__hover_enabled=\u00bboff\u00bb button_one_bg_color__hover_enabled=\u00bboff\u00bb button_two_bg_color__hover_enabled=\u00bboff\u00bb][\/et_pb_contact_field][et_pb_contact_field field_id=\u00bbEmail\u00bb field_title=\u00bbDirecci\u00f3n de correo electr\u00f3nico\u00bb field_type=\u00bbemail\u00bb _builder_version=\u00bb3.16&#8243; button_text_size__hover_enabled=\u00bboff\u00bb button_one_text_size__hover_enabled=\u00bboff\u00bb button_two_text_size__hover_enabled=\u00bboff\u00bb button_text_color__hover_enabled=\u00bboff\u00bb button_one_text_color__hover_enabled=\u00bboff\u00bb button_two_text_color__hover_enabled=\u00bboff\u00bb button_border_width__hover_enabled=\u00bboff\u00bb button_one_border_width__hover_enabled=\u00bboff\u00bb button_two_border_width__hover_enabled=\u00bboff\u00bb button_border_color__hover_enabled=\u00bboff\u00bb button_one_border_color__hover_enabled=\u00bboff\u00bb button_two_border_color__hover_enabled=\u00bboff\u00bb button_border_radius__hover_enabled=\u00bboff\u00bb button_one_border_radius__hover_enabled=\u00bboff\u00bb button_two_border_radius__hover_enabled=\u00bboff\u00bb button_letter_spacing__hover_enabled=\u00bboff\u00bb button_one_letter_spacing__hover_enabled=\u00bboff\u00bb button_two_letter_spacing__hover_enabled=\u00bboff\u00bb button_bg_color__hover_enabled=\u00bboff\u00bb button_one_bg_color__hover_enabled=\u00bboff\u00bb button_two_bg_color__hover_enabled=\u00bboff\u00bb][\/et_pb_contact_field][et_pb_contact_field field_id=\u00bbMessage\u00bb field_title=\u00bbMensaje\u00bb field_type=\u00bbtext\u00bb fullwidth_field=\u00bbon\u00bb _builder_version=\u00bb3.16&#8243; button_text_size__hover_enabled=\u00bboff\u00bb button_one_text_size__hover_enabled=\u00bboff\u00bb button_two_text_size__hover_enabled=\u00bboff\u00bb button_text_color__hover_enabled=\u00bboff\u00bb button_one_text_color__hover_enabled=\u00bboff\u00bb button_two_text_color__hover_enabled=\u00bboff\u00bb button_border_width__hover_enabled=\u00bboff\u00bb button_one_border_width__hover_enabled=\u00bboff\u00bb button_two_border_width__hover_enabled=\u00bboff\u00bb button_border_color__hover_enabled=\u00bboff\u00bb button_one_border_color__hover_enabled=\u00bboff\u00bb button_two_border_color__hover_enabled=\u00bboff\u00bb button_border_radius__hover_enabled=\u00bboff\u00bb button_one_border_radius__hover_enabled=\u00bboff\u00bb button_two_border_radius__hover_enabled=\u00bboff\u00bb button_letter_spacing__hover_enabled=\u00bboff\u00bb button_one_letter_spacing__hover_enabled=\u00bboff\u00bb button_two_letter_spacing__hover_enabled=\u00bboff\u00bb button_bg_color__hover_enabled=\u00bboff\u00bb button_one_bg_color__hover_enabled=\u00bboff\u00bb button_two_bg_color__hover_enabled=\u00bboff\u00bb][\/et_pb_contact_field][\/et_pb_contact_form][\/et_pb_column][\/et_pb_row][\/et_pb_section]<\/p>\n","protected":false},"excerpt":{"rendered":"<p>Ruta de atenci\u00f3n a casos de violencia de g\u00e9neroConvocatoriaTemario\u00a0Contacto<\/p>\n","protected":false},"author":4,"featured_media":0,"parent":0,"menu_order":0,"comment_status":"closed","ping_status":"closed","template":"page-template-blank.php","meta":{"_et_pb_use_builder":"on","_et_pb_old_content":"","_et_gb_content_width":"","footnotes":""},"class_list":["post-118","page","type-page","status-publish","hentry"],"yoast_head":"<!-- This site is optimized with the Yoast SEO plugin v27.3 - https:\/\/yoast.com\/product\/yoast-seo-wordpress\/ -->\n<title>Convocatoria - Ciencia de la Nutrici\u00f3n Humana<\/title>\n<meta name=\"robots\" content=\"index, follow, max-snippet:-1, max-image-preview:large, max-video-preview:-1\" \/>\n<link rel=\"canonical\" href=\"https:\/\/nutricion.facmed.unam.mx\/index.php\/convocatoria\/\" \/>\n<meta property=\"og:locale\" content=\"es_ES\" \/>\n<meta property=\"og:type\" content=\"article\" \/>\n<meta property=\"og:title\" content=\"Convocatoria - Ciencia de la Nutrici\u00f3n Humana\" \/>\n<meta property=\"og:description\" content=\"Ruta de atenci\u00f3n a casos de violencia de g\u00e9neroConvocatoriaTemario\u00a0Contacto\" \/>\n<meta property=\"og:url\" content=\"https:\/\/nutricion.facmed.unam.mx\/index.php\/convocatoria\/\" \/>\n<meta property=\"og:site_name\" content=\"Ciencia de la Nutrici\u00f3n Humana\" \/>\n<meta property=\"article:modified_time\" content=\"2021-05-12T14:15:35+00:00\" \/>\n<meta name=\"twitter:card\" content=\"summary_large_image\" \/>\n<meta name=\"twitter:label1\" content=\"Tiempo de lectura\" \/>\n\t<meta name=\"twitter:data1\" content=\"5 minutos\" \/>\n<script type=\"application\/ld+json\" class=\"yoast-schema-graph\">{\"@context\":\"https:\\\/\\\/schema.org\",\"@graph\":[{\"@type\":\"WebPage\",\"@id\":\"https:\\\/\\\/nutricion.facmed.unam.mx\\\/index.php\\\/convocatoria\\\/\",\"url\":\"https:\\\/\\\/nutricion.facmed.unam.mx\\\/index.php\\\/convocatoria\\\/\",\"name\":\"Convocatoria - Ciencia de la Nutrici\u00f3n Humana\",\"isPartOf\":{\"@id\":\"https:\\\/\\\/nutricion.facmed.unam.mx\\\/#website\"},\"datePublished\":\"2021-05-12T14:08:21+00:00\",\"dateModified\":\"2021-05-12T14:15:35+00:00\",\"breadcrumb\":{\"@id\":\"https:\\\/\\\/nutricion.facmed.unam.mx\\\/index.php\\\/convocatoria\\\/#breadcrumb\"},\"inLanguage\":\"es\",\"potentialAction\":[{\"@type\":\"ReadAction\",\"target\":[\"https:\\\/\\\/nutricion.facmed.unam.mx\\\/index.php\\\/convocatoria\\\/\"]}]},{\"@type\":\"BreadcrumbList\",\"@id\":\"https:\\\/\\\/nutricion.facmed.unam.mx\\\/index.php\\\/convocatoria\\\/#breadcrumb\",\"itemListElement\":[{\"@type\":\"ListItem\",\"position\":1,\"name\":\"Portada\",\"item\":\"https:\\\/\\\/nutricion.facmed.unam.mx\\\/\"},{\"@type\":\"ListItem\",\"position\":2,\"name\":\"Convocatoria\"}]},{\"@type\":\"WebSite\",\"@id\":\"https:\\\/\\\/nutricion.facmed.unam.mx\\\/#website\",\"url\":\"https:\\\/\\\/nutricion.facmed.unam.mx\\\/\",\"name\":\"Ciencia de la Nutrici\u00f3n Humana\",\"description\":\"FACMED UNAM\",\"potentialAction\":[{\"@type\":\"SearchAction\",\"target\":{\"@type\":\"EntryPoint\",\"urlTemplate\":\"https:\\\/\\\/nutricion.facmed.unam.mx\\\/?s={search_term_string}\"},\"query-input\":{\"@type\":\"PropertyValueSpecification\",\"valueRequired\":true,\"valueName\":\"search_term_string\"}}],\"inLanguage\":\"es\"}]}<\/script>\n<!-- \/ Yoast SEO plugin. -->","yoast_head_json":{"title":"Convocatoria - Ciencia de la Nutrici\u00f3n Humana","robots":{"index":"index","follow":"follow","max-snippet":"max-snippet:-1","max-image-preview":"max-image-preview:large","max-video-preview":"max-video-preview:-1"},"canonical":"https:\/\/nutricion.facmed.unam.mx\/index.php\/convocatoria\/","og_locale":"es_ES","og_type":"article","og_title":"Convocatoria - Ciencia de la Nutrici\u00f3n Humana","og_description":"Ruta de atenci\u00f3n a casos de violencia de g\u00e9neroConvocatoriaTemario\u00a0Contacto","og_url":"https:\/\/nutricion.facmed.unam.mx\/index.php\/convocatoria\/","og_site_name":"Ciencia de la Nutrici\u00f3n Humana","article_modified_time":"2021-05-12T14:15:35+00:00","twitter_card":"summary_large_image","twitter_misc":{"Tiempo de lectura":"5 minutos"},"schema":{"@context":"https:\/\/schema.org","@graph":[{"@type":"WebPage","@id":"https:\/\/nutricion.facmed.unam.mx\/index.php\/convocatoria\/","url":"https:\/\/nutricion.facmed.unam.mx\/index.php\/convocatoria\/","name":"Convocatoria - Ciencia de la Nutrici\u00f3n Humana","isPartOf":{"@id":"https:\/\/nutricion.facmed.unam.mx\/#website"},"datePublished":"2021-05-12T14:08:21+00:00","dateModified":"2021-05-12T14:15:35+00:00","breadcrumb":{"@id":"https:\/\/nutricion.facmed.unam.mx\/index.php\/convocatoria\/#breadcrumb"},"inLanguage":"es","potentialAction":[{"@type":"ReadAction","target":["https:\/\/nutricion.facmed.unam.mx\/index.php\/convocatoria\/"]}]},{"@type":"BreadcrumbList","@id":"https:\/\/nutricion.facmed.unam.mx\/index.php\/convocatoria\/#breadcrumb","itemListElement":[{"@type":"ListItem","position":1,"name":"Portada","item":"https:\/\/nutricion.facmed.unam.mx\/"},{"@type":"ListItem","position":2,"name":"Convocatoria"}]},{"@type":"WebSite","@id":"https:\/\/nutricion.facmed.unam.mx\/#website","url":"https:\/\/nutricion.facmed.unam.mx\/","name":"Ciencia de la Nutrici\u00f3n Humana","description":"FACMED UNAM","potentialAction":[{"@type":"SearchAction","target":{"@type":"EntryPoint","urlTemplate":"https:\/\/nutricion.facmed.unam.mx\/?s={search_term_string}"},"query-input":{"@type":"PropertyValueSpecification","valueRequired":true,"valueName":"search_term_string"}}],"inLanguage":"es"}]}},"jetpack_sharing_enabled":true,"_links":{"self":[{"href":"https:\/\/nutricion.facmed.unam.mx\/index.php\/wp-json\/wp\/v2\/pages\/118","targetHints":{"allow":["GET"]}}],"collection":[{"href":"https:\/\/nutricion.facmed.unam.mx\/index.php\/wp-json\/wp\/v2\/pages"}],"about":[{"href":"https:\/\/nutricion.facmed.unam.mx\/index.php\/wp-json\/wp\/v2\/types\/page"}],"author":[{"embeddable":true,"href":"https:\/\/nutricion.facmed.unam.mx\/index.php\/wp-json\/wp\/v2\/users\/4"}],"replies":[{"embeddable":true,"href":"https:\/\/nutricion.facmed.unam.mx\/index.php\/wp-json\/wp\/v2\/comments?post=118"}],"version-history":[{"count":4,"href":"https:\/\/nutricion.facmed.unam.mx\/index.php\/wp-json\/wp\/v2\/pages\/118\/revisions"}],"predecessor-version":[{"id":127,"href":"https:\/\/nutricion.facmed.unam.mx\/index.php\/wp-json\/wp\/v2\/pages\/118\/revisions\/127"}],"wp:attachment":[{"href":"https:\/\/nutricion.facmed.unam.mx\/index.php\/wp-json\/wp\/v2\/media?parent=118"}],"curies":[{"name":"wp","href":"https:\/\/api.w.org\/{rel}","templated":true}]}}