{"id":1142,"date":"2024-10-31T17:43:29","date_gmt":"2024-10-31T17:43:29","guid":{"rendered":"https:\/\/nutricion.facmed.unam.mx\/?page_id=1142"},"modified":"2026-04-06T13:51:47","modified_gmt":"2026-04-06T13:51:47","slug":"docentes","status":"publish","type":"page","link":"https:\/\/nutricion.facmed.unam.mx\/index.php\/docentes\/","title":{"rendered":"Docentes"},"content":{"rendered":"<p>[et_pb_section fb_built=\u00bb1&#8243; fullwidth=\u00bbon\u00bb _builder_version=\u00bb4.22.1&#8243; _module_preset=\u00bbdefault\u00bb global_colors_info=\u00bb{}\u00bb][et_pb_fullwidth_slider use_bg_overlay=\u00bbon\u00bb bg_overlay_color=\u00bb#7EBEC5&#8243; _builder_version=\u00bb4.27.4&#8243; _module_preset=\u00bbdefault\u00bb background_color=\u00bb#FFFFFF\u00bb use_background_color_gradient=\u00bbon\u00bb background_color_gradient_stops=\u00bb#2b87da 0%|#219e9c 100%\u00bb background_enable_image=\u00bboff\u00bb width=\u00bb100%\u00bb custom_padding=\u00bb220px||211px||false|false\u00bb custom_padding_tablet=\u00bb\u00bb custom_padding_phone=\u00bb\u00bb custom_padding_last_edited=\u00bbon|phone\u00bb auto=\u00bbon\u00bb link_option_url_new_window=\u00bbon\u00bb background_last_edited=\u00bbon|tablet\u00bb global_colors_info=\u00bb{}\u00bb][et_pb_slide heading=\u00bbRevista M\u00e1s Salud\u00bb button_text=\u00bbLeer N\u00famero\u00bb button_link=\u00bbhttps:\/\/massalud.facmed.unam.mx\/wp-content\/uploads\/2026\/01\/Salud-Num-7.pdf\u00bb image=\u00bbhttps:\/\/nutricion.facmed.unam.mx\/wp-content\/uploads\/2026\/04\/Salud_7_3-scaled-1.png\u00bb use_bg_overlay=\u00bboff\u00bb use_text_overlay=\u00bboff\u00bb _builder_version=\u00bb4.27.4&#8243; _module_preset=\u00bbdefault\u00bb background_color=\u00bb#71bddd\u00bb background_enable_color=\u00bbon\u00bb background_enable_image=\u00bboff\u00bb global_colors_info=\u00bb{}\u00bb sticky_transition=\u00bbon\u00bb][\/et_pb_slide][\/et_pb_fullwidth_slider][\/et_pb_section][et_pb_section fb_built=\u00bb1&#8243; _builder_version=\u00bb4.22.1&#8243; _module_preset=\u00bbdefault\u00bb background_color=\u00bb#6196ae\u00bb background_image=\u00bbhttps:\/\/nutricion.facmed.unam.mx\/wp-content\/uploads\/2021\/03\/fondo2.png\u00bb global_colors_info=\u00bb{}\u00bb][et_pb_row _builder_version=\u00bb4.22.1&#8243; _module_preset=\u00bbdefault\u00bb global_colors_info=\u00bb{}\u00bb][et_pb_column type=\u00bb4_4&#8243; _builder_version=\u00bb4.22.1&#8243; _module_preset=\u00bbdefault\u00bb global_colors_info=\u00bb{}\u00bb][et_pb_text _builder_version=\u00bb4.22.1&#8243; _module_preset=\u00bbdefault\u00bb text_text_color=\u00bb#FFFFFF\u00bb text_font_size=\u00bb32px\u00bb text_orientation=\u00bbcenter\u00bb custom_margin=\u00bb||39px|||\u00bb global_colors_info=\u00bb{}\u00bb]<\/p>\n<p><strong>Calendario Escolar LCNH<\/strong><\/p>\n<p>[\/et_pb_text][et_pb_button button_url=\u00bbhttps:\/\/escolares.facmed.unam.mx\/calendarios\/nh\/20252026\/CNH_2026_1.pdf?a=202604061305&#8243; url_new_window=\u00bbon\u00bb button_text=\u00bbPrimer y Segundo Semestre\u00bb button_alignment=\u00bbcenter\u00bb _builder_version=\u00bb4.27.6&#8243; _module_preset=\u00bbdefault\u00bb custom_button=\u00bbon\u00bb button_text_color=\u00bb#FFFFFF\u00bb button_bg_color=\u00bb#f2a378&#8243; button_border_color=\u00bbRGBA(255,255,255,0)\u00bb button_icon_color=\u00bb#FFFFFF\u00bb global_colors_info=\u00bb{}\u00bb][\/et_pb_button][et_pb_button button_url=\u00bbhttps:\/\/escolares.facmed.unam.mx\/calendarios\/nh\/20252026\/CNH_2026_2.pdf?a=202604061305&#8243; url_new_window=\u00bbon\u00bb button_text=\u00bbTercer y Cuarto Semestre\u00bb button_alignment=\u00bbcenter\u00bb _builder_version=\u00bb4.27.6&#8243; _module_preset=\u00bbdefault\u00bb custom_button=\u00bbon\u00bb button_text_color=\u00bb#FFFFFF\u00bb button_bg_color=\u00bb#f2a378&#8243; button_border_color=\u00bbRGBA(255,255,255,0)\u00bb global_colors_info=\u00bb{}\u00bb][\/et_pb_button][et_pb_button button_url=\u00bbhttps:\/\/escolares.facmed.unam.mx\/calendarios\/nh\/20252026\/CNH_2026_3.pdf?a=202604061305&#8243; url_new_window=\u00bbon\u00bb button_text=\u00bbQuinto y Sexto Semestre\u00bb button_alignment=\u00bbcenter\u00bb _builder_version=\u00bb4.27.6&#8243; _module_preset=\u00bbdefault\u00bb custom_button=\u00bbon\u00bb button_text_color=\u00bb#FFFFFF\u00bb button_bg_color=\u00bb#f2a378&#8243; button_border_color=\u00bbRGBA(255,255,255,0)\u00bb global_colors_info=\u00bb{}\u00bb][\/et_pb_button][et_pb_button button_url=\u00bbhttps:\/\/escolares.facmed.unam.mx\/calendarios\/nh\/20252026\/CNH_2026_4.pdf?a=202604061305&#8243; url_new_window=\u00bbon\u00bb button_text=\u00bbS\u00e9ptimo y Octavo Semestre\u00bb button_alignment=\u00bbcenter\u00bb _builder_version=\u00bb4.27.6&#8243; _module_preset=\u00bbdefault\u00bb custom_button=\u00bbon\u00bb button_text_color=\u00bb#FFFFFF\u00bb button_bg_color=\u00bb#f2a378&#8243; button_border_color=\u00bbRGBA(255,255,255,0)\u00bb global_colors_info=\u00bb{}\u00bb][\/et_pb_button][et_pb_button button_url=\u00bbhttps:\/\/escolares.facmed.unam.mx\/calendarios\/nh\/20252026\/CNH_2026_5.pdf?a=202604061305&#8243; url_new_window=\u00bbon\u00bb button_text=\u00bbServicio Social \u00bb button_alignment=\u00bbcenter\u00bb _builder_version=\u00bb4.27.6&#8243; _module_preset=\u00bbdefault\u00bb custom_button=\u00bbon\u00bb button_text_color=\u00bb#FFFFFF\u00bb button_bg_color=\u00bb#f2a378&#8243; button_border_color=\u00bbRGBA(255,255,255,0)\u00bb hover_enabled=\u00bb0&#8243; global_colors_info=\u00bb{}\u00bb locked=\u00bboff\u00bb sticky_enabled=\u00bb0&#8243;][\/et_pb_button][\/et_pb_column][\/et_pb_row][\/et_pb_section][et_pb_section fb_built=\u00bb1&#8243; _builder_version=\u00bb4.22.1&#8243; _module_preset=\u00bbdefault\u00bb custom_padding=\u00bb||63px|||\u00bb global_colors_info=\u00bb{}\u00bb][et_pb_row _builder_version=\u00bb4.22.1&#8243; _module_preset=\u00bbdefault\u00bb global_colors_info=\u00bb{}\u00bb][et_pb_column type=\u00bb4_4&#8243; _builder_version=\u00bb4.22.1&#8243; _module_preset=\u00bbdefault\u00bb global_colors_info=\u00bb{}\u00bb][et_pb_text _builder_version=\u00bb4.27.4&#8243; _module_preset=\u00bbdefault\u00bb text_font_size=\u00bb32px\u00bb text_orientation=\u00bbcenter\u00bb custom_margin=\u00bb||39px|||\u00bb locked=\u00bboff\u00bb global_colors_info=\u00bb{}\u00bb]<\/p>\n<p style=\"text-align: left;\"><strong>Servicios Escolares<\/strong><\/p>\n<p>[\/et_pb_text][et_pb_button button_url=\u00bbhttps:\/\/nutricion.facmed.unam.mx\/wp-content\/uploads\/2024\/10\/RECTIFICACION_EVA7.pdf\u00bb url_new_window=\u00bbon\u00bb button_text=\u00bbInstructivo para rectificar un acta ya calificada\u00bb _builder_version=\u00bb4.22.1&#8243; _module_preset=\u00bbdefault\u00bb custom_button=\u00bbon\u00bb button_text_color=\u00bb#FFFFFF\u00bb button_bg_color=\u00bb#6196ae\u00bb global_colors_info=\u00bb{}\u00bb][\/et_pb_button][et_pb_button button_url=\u00bbhttps:\/\/nutricion.facmed.unam.mx\/wp-content\/uploads\/2024\/10\/FEU10.pdf\u00bb url_new_window=\u00bbon\u00bb button_text=\u00bb\u00bfC\u00f3mo generar mi firma electr\u00f3nica?\u00bb _builder_version=\u00bb4.22.1&#8243; _module_preset=\u00bbdefault\u00bb custom_button=\u00bbon\u00bb button_text_color=\u00bb#FFFFFF\u00bb button_bg_color=\u00bb#6196ae\u00bb global_colors_info=\u00bb{}\u00bb][\/et_pb_button][et_pb_button button_url=\u00bbhttps:\/\/nutricion.facmed.unam.mx\/wp-content\/uploads\/2024\/10\/reactivacion_FEU.pdf\u00bb url_new_window=\u00bbon\u00bb button_text=\u00bbM\u00ed firma electr\u00f3nica est\u00e1 suspendida\u00bb _builder_version=\u00bb4.22.1&#8243; _module_preset=\u00bbdefault\u00bb custom_button=\u00bbon\u00bb button_text_color=\u00bb#FFFFFF\u00bb button_bg_color=\u00bb#6196ae\u00bb global_colors_info=\u00bb{}\u00bb][\/et_pb_button][\/et_pb_column][\/et_pb_row][\/et_pb_section]<\/p>\n","protected":false},"excerpt":{"rendered":"<p>Calendario Escolar LCNHServicios Escolares<\/p>\n","protected":false},"author":4,"featured_media":0,"parent":0,"menu_order":0,"comment_status":"closed","ping_status":"closed","template":"","meta":{"_et_pb_use_builder":"on","_et_pb_old_content":"","_et_gb_content_width":"","footnotes":""},"class_list":["post-1142","page","type-page","status-publish","hentry"],"yoast_head":"<!-- This site is optimized with the Yoast SEO plugin v27.3 - https:\/\/yoast.com\/product\/yoast-seo-wordpress\/ -->\n<title>Docentes - Ciencia de la Nutrici\u00f3n Humana<\/title>\n<meta name=\"robots\" content=\"index, follow, max-snippet:-1, max-image-preview:large, max-video-preview:-1\" \/>\n<link rel=\"canonical\" href=\"https:\/\/nutricion.facmed.unam.mx\/index.php\/docentes\/\" \/>\n<meta property=\"og:locale\" content=\"es_ES\" \/>\n<meta property=\"og:type\" content=\"article\" \/>\n<meta property=\"og:title\" content=\"Docentes - Ciencia de la Nutrici\u00f3n Humana\" \/>\n<meta property=\"og:description\" content=\"Calendario Escolar LCNHServicios Escolares\" \/>\n<meta property=\"og:url\" content=\"https:\/\/nutricion.facmed.unam.mx\/index.php\/docentes\/\" \/>\n<meta property=\"og:site_name\" content=\"Ciencia de la Nutrici\u00f3n Humana\" \/>\n<meta property=\"article:modified_time\" content=\"2026-04-06T13:51:47+00:00\" \/>\n<meta name=\"twitter:card\" content=\"summary_large_image\" \/>\n<script type=\"application\/ld+json\" class=\"yoast-schema-graph\">{\"@context\":\"https:\\\/\\\/schema.org\",\"@graph\":[{\"@type\":\"WebPage\",\"@id\":\"https:\\\/\\\/nutricion.facmed.unam.mx\\\/index.php\\\/docentes\\\/\",\"url\":\"https:\\\/\\\/nutricion.facmed.unam.mx\\\/index.php\\\/docentes\\\/\",\"name\":\"Docentes - Ciencia de la Nutrici\u00f3n Humana\",\"isPartOf\":{\"@id\":\"https:\\\/\\\/nutricion.facmed.unam.mx\\\/#website\"},\"datePublished\":\"2024-10-31T17:43:29+00:00\",\"dateModified\":\"2026-04-06T13:51:47+00:00\",\"breadcrumb\":{\"@id\":\"https:\\\/\\\/nutricion.facmed.unam.mx\\\/index.php\\\/docentes\\\/#breadcrumb\"},\"inLanguage\":\"es\",\"potentialAction\":[{\"@type\":\"ReadAction\",\"target\":[\"https:\\\/\\\/nutricion.facmed.unam.mx\\\/index.php\\\/docentes\\\/\"]}]},{\"@type\":\"BreadcrumbList\",\"@id\":\"https:\\\/\\\/nutricion.facmed.unam.mx\\\/index.php\\\/docentes\\\/#breadcrumb\",\"itemListElement\":[{\"@type\":\"ListItem\",\"position\":1,\"name\":\"Portada\",\"item\":\"https:\\\/\\\/nutricion.facmed.unam.mx\\\/\"},{\"@type\":\"ListItem\",\"position\":2,\"name\":\"Docentes\"}]},{\"@type\":\"WebSite\",\"@id\":\"https:\\\/\\\/nutricion.facmed.unam.mx\\\/#website\",\"url\":\"https:\\\/\\\/nutricion.facmed.unam.mx\\\/\",\"name\":\"Ciencia de la Nutrici\u00f3n Humana\",\"description\":\"FACMED UNAM\",\"potentialAction\":[{\"@type\":\"SearchAction\",\"target\":{\"@type\":\"EntryPoint\",\"urlTemplate\":\"https:\\\/\\\/nutricion.facmed.unam.mx\\\/?s={search_term_string}\"},\"query-input\":{\"@type\":\"PropertyValueSpecification\",\"valueRequired\":true,\"valueName\":\"search_term_string\"}}],\"inLanguage\":\"es\"}]}<\/script>\n<!-- \/ Yoast SEO plugin. -->","yoast_head_json":{"title":"Docentes - Ciencia de la Nutrici\u00f3n Humana","robots":{"index":"index","follow":"follow","max-snippet":"max-snippet:-1","max-image-preview":"max-image-preview:large","max-video-preview":"max-video-preview:-1"},"canonical":"https:\/\/nutricion.facmed.unam.mx\/index.php\/docentes\/","og_locale":"es_ES","og_type":"article","og_title":"Docentes - Ciencia de la Nutrici\u00f3n Humana","og_description":"Calendario Escolar LCNHServicios Escolares","og_url":"https:\/\/nutricion.facmed.unam.mx\/index.php\/docentes\/","og_site_name":"Ciencia de la Nutrici\u00f3n Humana","article_modified_time":"2026-04-06T13:51:47+00:00","twitter_card":"summary_large_image","schema":{"@context":"https:\/\/schema.org","@graph":[{"@type":"WebPage","@id":"https:\/\/nutricion.facmed.unam.mx\/index.php\/docentes\/","url":"https:\/\/nutricion.facmed.unam.mx\/index.php\/docentes\/","name":"Docentes - Ciencia de la Nutrici\u00f3n Humana","isPartOf":{"@id":"https:\/\/nutricion.facmed.unam.mx\/#website"},"datePublished":"2024-10-31T17:43:29+00:00","dateModified":"2026-04-06T13:51:47+00:00","breadcrumb":{"@id":"https:\/\/nutricion.facmed.unam.mx\/index.php\/docentes\/#breadcrumb"},"inLanguage":"es","potentialAction":[{"@type":"ReadAction","target":["https:\/\/nutricion.facmed.unam.mx\/index.php\/docentes\/"]}]},{"@type":"BreadcrumbList","@id":"https:\/\/nutricion.facmed.unam.mx\/index.php\/docentes\/#breadcrumb","itemListElement":[{"@type":"ListItem","position":1,"name":"Portada","item":"https:\/\/nutricion.facmed.unam.mx\/"},{"@type":"ListItem","position":2,"name":"Docentes"}]},{"@type":"WebSite","@id":"https:\/\/nutricion.facmed.unam.mx\/#website","url":"https:\/\/nutricion.facmed.unam.mx\/","name":"Ciencia de la Nutrici\u00f3n Humana","description":"FACMED UNAM","potentialAction":[{"@type":"SearchAction","target":{"@type":"EntryPoint","urlTemplate":"https:\/\/nutricion.facmed.unam.mx\/?s={search_term_string}"},"query-input":{"@type":"PropertyValueSpecification","valueRequired":true,"valueName":"search_term_string"}}],"inLanguage":"es"}]}},"jetpack_sharing_enabled":true,"_links":{"self":[{"href":"https:\/\/nutricion.facmed.unam.mx\/index.php\/wp-json\/wp\/v2\/pages\/1142","targetHints":{"allow":["GET"]}}],"collection":[{"href":"https:\/\/nutricion.facmed.unam.mx\/index.php\/wp-json\/wp\/v2\/pages"}],"about":[{"href":"https:\/\/nutricion.facmed.unam.mx\/index.php\/wp-json\/wp\/v2\/types\/page"}],"author":[{"embeddable":true,"href":"https:\/\/nutricion.facmed.unam.mx\/index.php\/wp-json\/wp\/v2\/users\/4"}],"replies":[{"embeddable":true,"href":"https:\/\/nutricion.facmed.unam.mx\/index.php\/wp-json\/wp\/v2\/comments?post=1142"}],"version-history":[{"count":17,"href":"https:\/\/nutricion.facmed.unam.mx\/index.php\/wp-json\/wp\/v2\/pages\/1142\/revisions"}],"predecessor-version":[{"id":2094,"href":"https:\/\/nutricion.facmed.unam.mx\/index.php\/wp-json\/wp\/v2\/pages\/1142\/revisions\/2094"}],"wp:attachment":[{"href":"https:\/\/nutricion.facmed.unam.mx\/index.php\/wp-json\/wp\/v2\/media?parent=1142"}],"curies":[{"name":"wp","href":"https:\/\/api.w.org\/{rel}","templated":true}]}}